{"id":54075,"date":"2023-04-20T15:05:57","date_gmt":"2023-04-20T13:05:57","guid":{"rendered":"https:\/\/www.halm-spine.com\/%d8%a8%d8%b5%d9%85%d8%a9\/"},"modified":"2025-09-23T07:45:45","modified_gmt":"2025-09-23T05:45:45","slug":"%d8%a8%d8%b5%d9%85%d8%a9","status":"publish","type":"page","link":"https:\/\/www.halm-spine.com\/ar\/%d8%a8%d8%b5%d9%85%d8%a9\/","title":{"rendered":"\u0628\u0635\u0645\u0629"},"content":{"rendered":"<p>[et_pb_section fb_built=&#8221;1&#8243; admin_label=&#8221;section&#8221; _builder_version=&#8221;4.16&#8243; global_colors_info=&#8221;{}&#8221;][et_pb_row admin_label=&#8221;\u0627\u0644\u0635\u0641&#8221; _builder_version=&#8221;4.16&#8243; background_size=&#8221;initial&#8221; background_position=&#8221;top_left&#8221; background_repeat=&#8221;repeat&#8221; global_colors_info=&#8221;{}&#8221;][et_pb_column type=&#8221;4_4&#8243; _builder_version=&#8221;4.16&#8243; custom_padding=&#8221;|||&#8221; global_colors_info=&#8221;{}&#8221; custom_padding__hover=&#8221;|||&#8221;][et_pb_text admin_label=&#8221;Text&#8221; _builder_version=&#8221;4.22.1&#8243; background_size=&#8221;initial&#8221; background_position=&#8221;top_left&#8221; background_repeat=&#8221;repeat&#8221; global_colors_info=&#8221;{}&#8221;]<\/p>\n<h1>\u0628\u0635\u0645\u0629<\/h1>\n<h2>\u0627\u0644\u0645\u0639\u0644\u0648\u0645\u0627\u062a \u0648\u0641\u0642\u064b\u0627 \u0644\u0644\u0641\u0642\u0631\u0629 5 \u0645\u0646 \u0627\u0644\u0642\u0627\u0646\u0648\u0646 \u0627\u0644\u0646\u0645\u0648\u0630\u062c\u064a 5 TMG<\/h2>\n<p>\u0647\u0646\u0631\u064a \u0647\u0627\u0644\u0645<br \/>\u0627\u0644\u0628\u0631\u0648\u0641\u064a\u0633\u0648\u0631 \u0627\u0644\u062f\u0643\u062a\u0648\u0631 \u0627\u0644\u0637\u0628\u064a\u0628 \u0647\u0646\u0631\u064a \u0647\u0627\u0644\u0645<br \/>Alter G\u00fcterbahnhof 3b<br \/>22303 \u0647\u0627\u0645\u0628\u0648\u0631\u063a  <\/p>\n<h2>\u0627\u062a\u0635\u0644 \u0628\u0646\u0627<\/h2>\n<p>\u0627\u0644\u0647\u0627\u062a\u0641: 0172-5312448-5312448<br \/>\u0627\u0644\u0628\u0631\u064a\u062f \u0627\u0644\u0625\u0644\u0643\u062a\u0631\u0648\u0646\u064a: info@halm-spine.com<\/p>\n<h2>\u0627\u0644\u0633\u0644\u0637\u0629 \u0627\u0644\u0625\u0634\u0631\u0627\u0641\u064a\u0629<\/h2>\n<p>\u0627\u0644\u0633\u0644\u0637\u0629 \u0627\u0644\u0625\u0634\u0631\u0627\u0641\u064a\u0629<br \/>Kassen\u00e4rztliche Vereinigung Schleswig-Holstein<br \/>Bismarckallee 1-6<br \/>23795 Bad Segeberg<\/p>\n<p><a href=\"https:\/\/www.kvsh.de\" target=\"_blank\" rel=\"noopener noreferrer\">https:\/\/www.kvsh.de<\/a><\/p>\n<h2>\u0627\u0644\u0645\u0633\u0645\u0649 \u0627\u0644\u0648\u0638\u064a\u0641\u064a \u0648\u0627\u0644\u0644\u0648\u0627\u0626\u062d \u0627\u0644\u0645\u0647\u0646\u064a\u0629<\/h2>\n<p>\u0627\u0644\u0645\u0633\u0645\u0649 \u0627\u0644\u0648\u0638\u064a\u0641\u064a:<br \/>\u0623\u062e\u0635\u0627\u0626\u064a \u0641\u064a \u062c\u0631\u0627\u062d\u0629 \u0627\u0644\u0639\u0638\u0627\u0645 \u0648\u062c\u0631\u0627\u062d\u0629 \u0627\u0644\u0631\u0636\u0648\u0636<\/p>\n<p>\u0627\u0644\u063a\u0631\u0641\u0629 \u0627\u0644\u0645\u0633\u0624\u0648\u0644\u0629:<br \/>\u00c4rztekammer Schleswig-Holstein<br \/>Bismarckallee 8-12<br \/>23795 Bad Segeberg<\/p>\n<p>\u0645\u064f\u0646\u062d\u062a \u0627\u0644\u062c\u0627\u0626\u0632\u0629 \u0641\u064a:<br \/>\u0623\u0644\u0645\u0627\u0646\u064a\u0627<\/p>\n<p>\u062a\u0637\u0628\u0642 \u0627\u0644\u0644\u0648\u0627\u0626\u062d \u0627\u0644\u0645\u0647\u0646\u064a\u0629 \u0627\u0644\u062a\u0627\u0644\u064a\u0629:<\/p>\n<p>\u064a\u0645\u0643\u0646 \u0627\u0644\u0627\u0637\u0644\u0627\u0639 \u0639\u0644\u0649 \u0627\u0644\u0644\u0648\u0627\u0626\u062d \u0627\u0644\u0645\u0647\u0646\u064a\u0629 \u0639\u0644\u0649 \u0627\u0644\u0645\u0648\u0642\u0639 \u0627\u0644\u0625\u0644\u0643\u062a\u0631\u0648\u0646\u064a \u0644\u062c\u0645\u0639\u064a\u0629 \u0634\u0644\u064a\u0633\u0641\u064a\u063a \u0647\u0648\u0644\u0634\u062a\u0627\u064a\u0646 \u0627\u0644\u0637\u0628\u064a\u0629 \u062a\u062d\u062a \u0639\u0646\u0648\u0627\u0646 &#8220;\u0627\u0644\u0623\u0633\u0627\u0633 \u0627\u0644\u0642\u0627\u0646\u0648\u0646\u064a&#8221;<br \/>\u064a\u0645\u0643\u0646 \u0627\u0644\u0627\u0637\u0644\u0627\u0639 \u0639\u0644\u0649 \u0627\u0644\u0645\u0648\u0642\u0639 \u0627\u0644\u0625\u0644\u0643\u062a\u0631\u0648\u0646\u064a: <a href=\"https:\/\/www.aeksh.de\/rechtsgrundlagen\" target=\"_blank\" rel=\"noopener noreferrer\">https:\/\/www.aeksh.de\/rechtsgrundlagen<\/a><\/p>\n<h2>\u062a\u0633\u0648\u064a\u0629 \u0627\u0644\u0645\u0646\u0627\u0632\u0639\u0627\u062a \u0641\u064a \u0627\u0644\u0627\u062a\u062d\u0627\u062f \u0627\u0644\u0623\u0648\u0631\u0648\u0628\u064a<\/h2>\n<p>\u062a\u0648\u0641\u0631 \u0627\u0644\u0645\u0641\u0648\u0636\u064a\u0629 \u0627\u0644\u0623\u0648\u0631\u0648\u0628\u064a\u0629 \u0645\u0646\u0635\u0629 \u0644\u062a\u0633\u0648\u064a\u0629 \u0627\u0644\u0645\u0646\u0627\u0632\u0639\u0627\u062a \u0639\u0628\u0631 \u0627\u0644\u0625\u0646\u062a\u0631\u0646\u062a: <a href=\"https:\/\/ec.europa.eu\/consumers\/odr\/\" target=\"_blank\" rel=\"noopener noreferrer\">https:\/\/ec.europa.eu\/consumers\/odr\/.<\/a><br \/>\u064a\u0645\u0643\u0646\u0643 \u0627\u0644\u0639\u062b\u0648\u0631 \u0639\u0644\u0649 \u0639\u0646\u0648\u0627\u0646 \u0628\u0631\u064a\u062f\u0646\u0627 \u0627\u0644\u0625\u0644\u0643\u062a\u0631\u0648\u0646\u064a \u0641\u064a \u0627\u0644\u0625\u0634\u0639\u0627\u0631 \u0627\u0644\u0642\u0627\u0646\u0648\u0646\u064a \u0623\u0639\u0644\u0627\u0647.<\/p>\n<h2>\u0645\u0631\u0643\u0632 \u062a\u0633\u0648\u064a\u0629 \u0645\u0646\u0627\u0632\u0639\u0627\u062a \u0627\u0644\u0645\u0633\u062a\u0647\u0644\u0643\u064a\u0646\/\u0645\u0631\u0643\u0632 \u0627\u0644\u062a\u062d\u0643\u064a\u0645 \u0627\u0644\u0639\u0627\u0644\u0645\u064a<\/h2>\n<p>\u0646\u062d\u0646 \u063a\u064a\u0631 \u0645\u0633\u062a\u0639\u062f\u064a\u0646 \u0623\u0648 \u0645\u0644\u0632\u0645\u064a\u0646 \u0628\u0627\u0644\u0645\u0634\u0627\u0631\u0643\u0629 \u0641\u064a \u0625\u062c\u0631\u0627\u0621\u0627\u062a \u062a\u0633\u0648\u064a\u0629 \u0627\u0644\u0645\u0646\u0627\u0632\u0639\u0627\u062a \u0623\u0645\u0627\u0645 \u0647\u064a\u0626\u0629 \u062a\u062d\u0643\u064a\u0645 \u0627\u0644\u0645\u0633\u062a\u0647\u0644\u0643\u064a\u0646.<\/p>\n<h2>\u0645\u0631\u0643\u0632 \u0627\u0644\u062a\u062d\u0643\u064a\u0645 \u0641\u064a \u0642\u0636\u0627\u064a\u0627 \u0627\u0644\u0645\u0633\u0624\u0648\u0644\u064a\u0629 \u0627\u0644\u0637\u0628\u064a\u0629:<\/h2>\n<p>\u0645\u0631\u0643\u0632 \u0627\u0644\u062a\u062d\u0643\u064a\u0645 \u0644\u0642\u0636\u0627\u064a\u0627 \u0627\u0644\u0645\u0633\u0624\u0648\u0644\u064a\u0629 \u0627\u0644\u0637\u0628\u064a\u0629 \u0644\u0644\u062c\u0645\u0639\u064a\u0627\u062a \u0627\u0644\u0637\u0628\u064a\u0629 \u0641\u064a \u0634\u0645\u0627\u0644 \u0623\u0644\u0645\u0627\u0646\u064a\u0627<\/p>\n<p>\u0647\u0627\u0646\u0632-\u0628\u0648\u0643\u0644\u0631-\u0623\u0644\u064a 3<\/p>\n<p>30173 \u0647\u0627\u0646\u0648\u0641\u0631 30173<\/p>\n<p>\u0647\u0627\u062a\u0641: 0511 35393939 10\/12<\/p>\n<p><a data-auto-recognition=\"true\" href=\"mailto:info@schlichtungsstelle.de\">info@schlichtungsstelle.de<\/a><\/p>\n<p><a href=\"http:\/\/www.norddeutsche-schlichtungsstelle.de\/\" target=\"_blank\" rel=\"noreferrer noopener\">www.norddeutsche-schlichtungsstelle.de<\/a><\/p>\n<p>[\/et_pb_text][et_pb_text _builder_version=&#8221;4.22.1&#8243; _module_preset=&#8221;default&#8221; global_colors_info=&#8221;{}&#8221;]<\/p>\n<p><strong>\u0623\u0631\u0635\u062f\u0629 \u0627\u0644\u0635\u0648\u0631<\/strong><\/p>\n<p>\u0627\u0644\u062a\u0635\u0645\u064a\u0645 \u0627\u0644\u062c\u0631\u0627\u0641\u064a\u0643\u064a: \u0627\u0633\u062a\u0648\u062f\u064a\u0648 \u0623\u062a\u064a\u0628\u064a\u0643<\/p>\n<p>\u0627\u0644\u0635\u0648\u0631: \u0628\u064a\u0643\u0633\u0644\u0632 \/ \u0623\u0646\u0633\u0628\u0644\u0627\u0634<\/p>\n<p>[\/et_pb_text][\/et_pb_column][\/et_pb_row][\/et_pb_section]<\/p>\n","protected":false},"excerpt":{"rendered":"<p>\u0628\u0635\u0645\u0629 \u0627\u0644\u0645\u0639\u0644\u0648\u0645\u0627\u062a \u0648\u0641\u0642\u064b\u0627 \u0644\u0644\u0641\u0642\u0631\u0629 5 \u0645\u0646 \u0627\u0644\u0642\u0627\u0646\u0648\u0646 \u0627\u0644\u0646\u0645\u0648\u0630\u062c\u064a 5 TMG \u0647\u0646\u0631\u064a \u0647\u0627\u0644\u0645\u0627\u0644\u0628\u0631\u0648\u0641\u064a\u0633\u0648\u0631 \u0627\u0644\u062f\u0643\u062a\u0648\u0631 \u0627\u0644\u0637\u0628\u064a\u0628 \u0647\u0646\u0631\u064a \u0647\u0627\u0644\u0645Alter G\u00fcterbahnhof 3b22303 \u0647\u0627\u0645\u0628\u0648\u0631\u063a \u0627\u062a\u0635\u0644 \u0628\u0646\u0627 \u0627\u0644\u0647\u0627\u062a\u0641: 0172-5312448-5312448\u0627\u0644\u0628\u0631\u064a\u062f \u0627\u0644\u0625\u0644\u0643\u062a\u0631\u0648\u0646\u064a: info@halm-spine.com \u0627\u0644\u0633\u0644\u0637\u0629 \u0627\u0644\u0625\u0634\u0631\u0627\u0641\u064a\u0629 \u0627\u0644\u0633\u0644\u0637\u0629 \u0627\u0644\u0625\u0634\u0631\u0627\u0641\u064a\u0629Kassen\u00e4rztliche Vereinigung Schleswig-HolsteinBismarckallee 1-623795 Bad Segeberg https:\/\/www.kvsh.de \u0627\u0644\u0645\u0633\u0645\u0649 \u0627\u0644\u0648\u0638\u064a\u0641\u064a \u0648\u0627\u0644\u0644\u0648\u0627\u0626\u062d \u0627\u0644\u0645\u0647\u0646\u064a\u0629 \u0627\u0644\u0645\u0633\u0645\u0649 \u0627\u0644\u0648\u0638\u064a\u0641\u064a:\u0623\u062e\u0635\u0627\u0626\u064a \u0641\u064a \u062c\u0631\u0627\u062d\u0629 \u0627\u0644\u0639\u0638\u0627\u0645 \u0648\u062c\u0631\u0627\u062d\u0629 \u0627\u0644\u0631\u0636\u0648\u0636 \u0627\u0644\u063a\u0631\u0641\u0629 \u0627\u0644\u0645\u0633\u0624\u0648\u0644\u0629:\u00c4rztekammer Schleswig-HolsteinBismarckallee 8-1223795 Bad Segeberg \u0645\u064f\u0646\u062d\u062a \u0627\u0644\u062c\u0627\u0626\u0632\u0629 \u0641\u064a:\u0623\u0644\u0645\u0627\u0646\u064a\u0627 [&hellip;]<\/p>\n","protected":false},"author":1,"featured_media":0,"parent":0,"menu_order":1000,"comment_status":"closed","ping_status":"closed","template":"","meta":{"_et_pb_use_builder":"on","_et_pb_old_content":"","_et_gb_content_width":"","footnotes":""},"dipi_cpt_category":[],"class_list":["post-54075","page","type-page","status-publish","hentry"],"yoast_head":"<!-- This site is optimized with the Yoast SEO plugin v27.4 - https:\/\/yoast.com\/product\/yoast-seo-wordpress\/ -->\n<title>\u0628\u0635\u0645\u0629 - Prof. Dr. med. Henry Halm<\/title>\n<meta name=\"robots\" content=\"index, follow, max-snippet:-1, max-image-preview:large, max-video-preview:-1\" \/>\n<link rel=\"canonical\" href=\"https:\/\/www.halm-spine.com\/ar\/%d8%a8%d8%b5%d9%85%d8%a9\/\" \/>\n<meta property=\"og:locale\" content=\"ar_AR\" \/>\n<meta property=\"og:type\" content=\"article\" \/>\n<meta property=\"og:title\" content=\"\u0628\u0635\u0645\u0629 - Prof. Dr. med. Henry Halm\" \/>\n<meta property=\"og:description\" content=\"\u0628\u0635\u0645\u0629 \u0627\u0644\u0645\u0639\u0644\u0648\u0645\u0627\u062a \u0648\u0641\u0642\u064b\u0627 \u0644\u0644\u0641\u0642\u0631\u0629 5 \u0645\u0646 \u0627\u0644\u0642\u0627\u0646\u0648\u0646 \u0627\u0644\u0646\u0645\u0648\u0630\u062c\u064a 5 TMG \u0647\u0646\u0631\u064a \u0647\u0627\u0644\u0645\u0627\u0644\u0628\u0631\u0648\u0641\u064a\u0633\u0648\u0631 \u0627\u0644\u062f\u0643\u062a\u0648\u0631 \u0627\u0644\u0637\u0628\u064a\u0628 \u0647\u0646\u0631\u064a \u0647\u0627\u0644\u0645Alter G\u00fcterbahnhof 3b22303 \u0647\u0627\u0645\u0628\u0648\u0631\u063a \u0627\u062a\u0635\u0644 \u0628\u0646\u0627 \u0627\u0644\u0647\u0627\u062a\u0641: 0172-5312448-5312448\u0627\u0644\u0628\u0631\u064a\u062f \u0627\u0644\u0625\u0644\u0643\u062a\u0631\u0648\u0646\u064a: info@halm-spine.com \u0627\u0644\u0633\u0644\u0637\u0629 \u0627\u0644\u0625\u0634\u0631\u0627\u0641\u064a\u0629 \u0627\u0644\u0633\u0644\u0637\u0629 \u0627\u0644\u0625\u0634\u0631\u0627\u0641\u064a\u0629Kassen\u00e4rztliche Vereinigung Schleswig-HolsteinBismarckallee 1-623795 Bad Segeberg https:\/\/www.kvsh.de \u0627\u0644\u0645\u0633\u0645\u0649 \u0627\u0644\u0648\u0638\u064a\u0641\u064a \u0648\u0627\u0644\u0644\u0648\u0627\u0626\u062d \u0627\u0644\u0645\u0647\u0646\u064a\u0629 \u0627\u0644\u0645\u0633\u0645\u0649 \u0627\u0644\u0648\u0638\u064a\u0641\u064a:\u0623\u062e\u0635\u0627\u0626\u064a \u0641\u064a \u062c\u0631\u0627\u062d\u0629 \u0627\u0644\u0639\u0638\u0627\u0645 \u0648\u062c\u0631\u0627\u062d\u0629 \u0627\u0644\u0631\u0636\u0648\u0636 \u0627\u0644\u063a\u0631\u0641\u0629 \u0627\u0644\u0645\u0633\u0624\u0648\u0644\u0629:\u00c4rztekammer Schleswig-HolsteinBismarckallee 8-1223795 Bad Segeberg \u0645\u064f\u0646\u062d\u062a \u0627\u0644\u062c\u0627\u0626\u0632\u0629 \u0641\u064a:\u0623\u0644\u0645\u0627\u0646\u064a\u0627 [&hellip;]\" \/>\n<meta property=\"og:url\" content=\"https:\/\/www.halm-spine.com\/ar\/%d8%a8%d8%b5%d9%85%d8%a9\/\" \/>\n<meta property=\"og:site_name\" content=\"Prof. Dr. med. Henry Halm\" \/>\n<meta property=\"article:modified_time\" content=\"2025-09-23T05:45:45+00:00\" \/>\n<meta name=\"twitter:card\" content=\"summary_large_image\" \/>\n<meta name=\"twitter:label1\" content=\"\u0648\u0642\u062a \u0627\u0644\u0642\u0631\u0627\u0621\u0629 \u0627\u0644\u0645\u064f\u0642\u062f\u0651\u0631\" \/>\n\t<meta name=\"twitter:data1\" content=\"1 \u062f\u0642\u064a\u0642\u0629\" \/>\n<script type=\"application\/ld+json\" class=\"yoast-schema-graph\">{\"@context\":\"https:\\\/\\\/schema.org\",\"@graph\":[{\"@type\":\"WebPage\",\"@id\":\"https:\\\/\\\/www.halm-spine.com\\\/ar\\\/%d8%a8%d8%b5%d9%85%d8%a9\\\/\",\"url\":\"https:\\\/\\\/www.halm-spine.com\\\/ar\\\/%d8%a8%d8%b5%d9%85%d8%a9\\\/\",\"name\":\"\u0628\u0635\u0645\u0629 - Prof. Dr. med. Henry Halm\",\"isPartOf\":{\"@id\":\"https:\\\/\\\/www.halm-spine.com\\\/ar\\\/#website\"},\"datePublished\":\"2023-04-20T13:05:57+00:00\",\"dateModified\":\"2025-09-23T05:45:45+00:00\",\"breadcrumb\":{\"@id\":\"https:\\\/\\\/www.halm-spine.com\\\/ar\\\/%d8%a8%d8%b5%d9%85%d8%a9\\\/#breadcrumb\"},\"inLanguage\":\"ar\",\"potentialAction\":[{\"@type\":\"ReadAction\",\"target\":[\"https:\\\/\\\/www.halm-spine.com\\\/ar\\\/%d8%a8%d8%b5%d9%85%d8%a9\\\/\"]}]},{\"@type\":\"BreadcrumbList\",\"@id\":\"https:\\\/\\\/www.halm-spine.com\\\/ar\\\/%d8%a8%d8%b5%d9%85%d8%a9\\\/#breadcrumb\",\"itemListElement\":[{\"@type\":\"ListItem\",\"position\":1,\"name\":\"Home\",\"item\":\"https:\\\/\\\/www.halm-spine.com\\\/ar\\\/%d8%a7%d9%84%d8%b5%d9%81%d8%ad%d8%a9-%d8%a7%d9%84%d8%b1%d8%a6%d9%8a%d8%b3%d9%8a%d8%a9\\\/\"},{\"@type\":\"ListItem\",\"position\":2,\"name\":\"\u0628\u0635\u0645\u0629\"}]},{\"@type\":\"WebSite\",\"@id\":\"https:\\\/\\\/www.halm-spine.com\\\/ar\\\/#website\",\"url\":\"https:\\\/\\\/www.halm-spine.com\\\/ar\\\/\",\"name\":\"Prof. Dr. med. Henry Halm\",\"description\":\"Ihr Spezialist f\u00fcr Wirbels\u00e4ulendeformit\u00e4ten\",\"publisher\":{\"@id\":\"https:\\\/\\\/www.halm-spine.com\\\/ar\\\/#organization\"},\"potentialAction\":[{\"@type\":\"SearchAction\",\"target\":{\"@type\":\"EntryPoint\",\"urlTemplate\":\"https:\\\/\\\/www.halm-spine.com\\\/ar\\\/?s={search_term_string}\"},\"query-input\":{\"@type\":\"PropertyValueSpecification\",\"valueRequired\":true,\"valueName\":\"search_term_string\"}}],\"inLanguage\":\"ar\"},{\"@type\":\"Organization\",\"@id\":\"https:\\\/\\\/www.halm-spine.com\\\/ar\\\/#organization\",\"name\":\"Prof. Dr. med. Henry Halm\",\"url\":\"https:\\\/\\\/www.halm-spine.com\\\/ar\\\/\",\"logo\":{\"@type\":\"ImageObject\",\"inLanguage\":\"ar\",\"@id\":\"https:\\\/\\\/www.halm-spine.com\\\/ar\\\/#\\\/schema\\\/logo\\\/image\\\/\",\"url\":\"https:\\\/\\\/www.halm-spine.com\\\/wp-content\\\/uploads\\\/Halm-Logo-Final-Farbe.png\",\"contentUrl\":\"https:\\\/\\\/www.halm-spine.com\\\/wp-content\\\/uploads\\\/Halm-Logo-Final-Farbe.png\",\"width\":2200,\"height\":2200,\"caption\":\"Prof. Dr. med. Henry Halm\"},\"image\":{\"@id\":\"https:\\\/\\\/www.halm-spine.com\\\/ar\\\/#\\\/schema\\\/logo\\\/image\\\/\"}}]}<\/script>\n<!-- \/ Yoast SEO plugin. -->","yoast_head_json":{"title":"\u0628\u0635\u0645\u0629 - Prof. Dr. med. Henry Halm","robots":{"index":"index","follow":"follow","max-snippet":"max-snippet:-1","max-image-preview":"max-image-preview:large","max-video-preview":"max-video-preview:-1"},"canonical":"https:\/\/www.halm-spine.com\/ar\/%d8%a8%d8%b5%d9%85%d8%a9\/","og_locale":"ar_AR","og_type":"article","og_title":"\u0628\u0635\u0645\u0629 - Prof. Dr. med. Henry Halm","og_description":"\u0628\u0635\u0645\u0629 \u0627\u0644\u0645\u0639\u0644\u0648\u0645\u0627\u062a \u0648\u0641\u0642\u064b\u0627 \u0644\u0644\u0641\u0642\u0631\u0629 5 \u0645\u0646 \u0627\u0644\u0642\u0627\u0646\u0648\u0646 \u0627\u0644\u0646\u0645\u0648\u0630\u062c\u064a 5 TMG \u0647\u0646\u0631\u064a \u0647\u0627\u0644\u0645\u0627\u0644\u0628\u0631\u0648\u0641\u064a\u0633\u0648\u0631 \u0627\u0644\u062f\u0643\u062a\u0648\u0631 \u0627\u0644\u0637\u0628\u064a\u0628 \u0647\u0646\u0631\u064a \u0647\u0627\u0644\u0645Alter G\u00fcterbahnhof 3b22303 \u0647\u0627\u0645\u0628\u0648\u0631\u063a \u0627\u062a\u0635\u0644 \u0628\u0646\u0627 \u0627\u0644\u0647\u0627\u062a\u0641: 0172-5312448-5312448\u0627\u0644\u0628\u0631\u064a\u062f \u0627\u0644\u0625\u0644\u0643\u062a\u0631\u0648\u0646\u064a: info@halm-spine.com \u0627\u0644\u0633\u0644\u0637\u0629 \u0627\u0644\u0625\u0634\u0631\u0627\u0641\u064a\u0629 \u0627\u0644\u0633\u0644\u0637\u0629 \u0627\u0644\u0625\u0634\u0631\u0627\u0641\u064a\u0629Kassen\u00e4rztliche Vereinigung Schleswig-HolsteinBismarckallee 1-623795 Bad Segeberg https:\/\/www.kvsh.de \u0627\u0644\u0645\u0633\u0645\u0649 \u0627\u0644\u0648\u0638\u064a\u0641\u064a \u0648\u0627\u0644\u0644\u0648\u0627\u0626\u062d \u0627\u0644\u0645\u0647\u0646\u064a\u0629 \u0627\u0644\u0645\u0633\u0645\u0649 \u0627\u0644\u0648\u0638\u064a\u0641\u064a:\u0623\u062e\u0635\u0627\u0626\u064a \u0641\u064a \u062c\u0631\u0627\u062d\u0629 \u0627\u0644\u0639\u0638\u0627\u0645 \u0648\u062c\u0631\u0627\u062d\u0629 \u0627\u0644\u0631\u0636\u0648\u0636 \u0627\u0644\u063a\u0631\u0641\u0629 \u0627\u0644\u0645\u0633\u0624\u0648\u0644\u0629:\u00c4rztekammer Schleswig-HolsteinBismarckallee 8-1223795 Bad Segeberg \u0645\u064f\u0646\u062d\u062a \u0627\u0644\u062c\u0627\u0626\u0632\u0629 \u0641\u064a:\u0623\u0644\u0645\u0627\u0646\u064a\u0627 [&hellip;]","og_url":"https:\/\/www.halm-spine.com\/ar\/%d8%a8%d8%b5%d9%85%d8%a9\/","og_site_name":"Prof. Dr. med. Henry Halm","article_modified_time":"2025-09-23T05:45:45+00:00","twitter_card":"summary_large_image","twitter_misc":{"\u0648\u0642\u062a \u0627\u0644\u0642\u0631\u0627\u0621\u0629 \u0627\u0644\u0645\u064f\u0642\u062f\u0651\u0631":"1 \u062f\u0642\u064a\u0642\u0629"},"schema":{"@context":"https:\/\/schema.org","@graph":[{"@type":"WebPage","@id":"https:\/\/www.halm-spine.com\/ar\/%d8%a8%d8%b5%d9%85%d8%a9\/","url":"https:\/\/www.halm-spine.com\/ar\/%d8%a8%d8%b5%d9%85%d8%a9\/","name":"\u0628\u0635\u0645\u0629 - Prof. Dr. med. Henry Halm","isPartOf":{"@id":"https:\/\/www.halm-spine.com\/ar\/#website"},"datePublished":"2023-04-20T13:05:57+00:00","dateModified":"2025-09-23T05:45:45+00:00","breadcrumb":{"@id":"https:\/\/www.halm-spine.com\/ar\/%d8%a8%d8%b5%d9%85%d8%a9\/#breadcrumb"},"inLanguage":"ar","potentialAction":[{"@type":"ReadAction","target":["https:\/\/www.halm-spine.com\/ar\/%d8%a8%d8%b5%d9%85%d8%a9\/"]}]},{"@type":"BreadcrumbList","@id":"https:\/\/www.halm-spine.com\/ar\/%d8%a8%d8%b5%d9%85%d8%a9\/#breadcrumb","itemListElement":[{"@type":"ListItem","position":1,"name":"Home","item":"https:\/\/www.halm-spine.com\/ar\/%d8%a7%d9%84%d8%b5%d9%81%d8%ad%d8%a9-%d8%a7%d9%84%d8%b1%d8%a6%d9%8a%d8%b3%d9%8a%d8%a9\/"},{"@type":"ListItem","position":2,"name":"\u0628\u0635\u0645\u0629"}]},{"@type":"WebSite","@id":"https:\/\/www.halm-spine.com\/ar\/#website","url":"https:\/\/www.halm-spine.com\/ar\/","name":"Prof. Dr. med. Henry Halm","description":"Ihr Spezialist f\u00fcr Wirbels\u00e4ulendeformit\u00e4ten","publisher":{"@id":"https:\/\/www.halm-spine.com\/ar\/#organization"},"potentialAction":[{"@type":"SearchAction","target":{"@type":"EntryPoint","urlTemplate":"https:\/\/www.halm-spine.com\/ar\/?s={search_term_string}"},"query-input":{"@type":"PropertyValueSpecification","valueRequired":true,"valueName":"search_term_string"}}],"inLanguage":"ar"},{"@type":"Organization","@id":"https:\/\/www.halm-spine.com\/ar\/#organization","name":"Prof. Dr. med. Henry Halm","url":"https:\/\/www.halm-spine.com\/ar\/","logo":{"@type":"ImageObject","inLanguage":"ar","@id":"https:\/\/www.halm-spine.com\/ar\/#\/schema\/logo\/image\/","url":"https:\/\/www.halm-spine.com\/wp-content\/uploads\/Halm-Logo-Final-Farbe.png","contentUrl":"https:\/\/www.halm-spine.com\/wp-content\/uploads\/Halm-Logo-Final-Farbe.png","width":2200,"height":2200,"caption":"Prof. Dr. med. Henry Halm"},"image":{"@id":"https:\/\/www.halm-spine.com\/ar\/#\/schema\/logo\/image\/"}}]}},"_links":{"self":[{"href":"https:\/\/www.halm-spine.com\/ar\/wp-json\/wp\/v2\/pages\/54075","targetHints":{"allow":["GET"]}}],"collection":[{"href":"https:\/\/www.halm-spine.com\/ar\/wp-json\/wp\/v2\/pages"}],"about":[{"href":"https:\/\/www.halm-spine.com\/ar\/wp-json\/wp\/v2\/types\/page"}],"author":[{"embeddable":true,"href":"https:\/\/www.halm-spine.com\/ar\/wp-json\/wp\/v2\/users\/1"}],"replies":[{"embeddable":true,"href":"https:\/\/www.halm-spine.com\/ar\/wp-json\/wp\/v2\/comments?post=54075"}],"version-history":[{"count":11,"href":"https:\/\/www.halm-spine.com\/ar\/wp-json\/wp\/v2\/pages\/54075\/revisions"}],"predecessor-version":[{"id":54240,"href":"https:\/\/www.halm-spine.com\/ar\/wp-json\/wp\/v2\/pages\/54075\/revisions\/54240"}],"wp:attachment":[{"href":"https:\/\/www.halm-spine.com\/ar\/wp-json\/wp\/v2\/media?parent=54075"}],"wp:term":[{"taxonomy":"dipi_cpt_category","embeddable":true,"href":"https:\/\/www.halm-spine.com\/ar\/wp-json\/wp\/v2\/dipi_cpt_category?post=54075"}],"curies":[{"name":"wp","href":"https:\/\/api.w.org\/{rel}","templated":true}]}}